{"id":10554,"date":"2025-05-20T14:20:30","date_gmt":"2025-05-20T12:20:30","guid":{"rendered":"https:\/\/aaroesundbadehotel.dk\/the-view\/"},"modified":"2025-08-18T10:25:42","modified_gmt":"2025-08-18T08:25:42","slug":"the-view","status":"publish","type":"page","link":"https:\/\/aaroesundbadehotel.dk\/en\/the-view\/","title":{"rendered":"The view"},"content":{"rendered":"\t\t<div data-elementor-type=\"wp-page\" data-elementor-id=\"10554\" class=\"elementor elementor-10554 elementor-10402\" data-elementor-post-type=\"page\">\n\t\t\t\t<div class=\"elementor-element elementor-element-077770d e-flex e-con-boxed e-con e-parent\" data-id=\"077770d\" data-element_type=\"container\" data-settings=\"{&quot;background_background&quot;:&quot;classic&quot;}\">\n\t\t\t\t\t<div class=\"e-con-inner\">\n\t\t<div class=\"elementor-element elementor-element-25501ed e-con-full no-padding e-flex elementor-invisible e-con e-child\" data-id=\"25501ed\" data-element_type=\"container\" data-settings=\"{&quot;animation&quot;:&quot;fadeIn&quot;}\">\n\t\t\t\t<div class=\"elementor-element elementor-element-6857f49 elementor-widget-laptop__width-initial elementor-widget elementor-widget-text-editor\" data-id=\"6857f49\" data-element_type=\"widget\" data-widget_type=\"text-editor.default\">\n\t\t\t\t<div class=\"elementor-widget-container\">\n\t\t\t\t\t\t\t\t\t<p>\u00c5r\u00f8sund Badehotel<\/p>\t\t\t\t\t\t\t\t<\/div>\n\t\t\t\t<\/div>\n\t\t\t\t<div class=\"elementor-element elementor-element-18ae3ea elementor-widget__width-initial elementor-widget elementor-widget-heading\" data-id=\"18ae3ea\" data-element_type=\"widget\" data-widget_type=\"heading.default\">\n\t\t\t\t<div class=\"elementor-widget-container\">\n\t\t\t\t\t<h1 class=\"elementor-heading-title elementor-size-default\">The view<\/h1>\t\t\t\t<\/div>\n\t\t\t\t<\/div>\n\t\t<div class=\"elementor-element elementor-element-e8271d3 e-con-full no-padding e-flex e-con e-child\" data-id=\"e8271d3\" data-element_type=\"container\">\n\t\t\t\t<div class=\"elementor-element elementor-element-dbf15c5 elementor-mobile-align-justify elementor-widget-mobile__width-inherit cta elementor-widget elementor-widget-button\" data-id=\"dbf15c5\" data-element_type=\"widget\" data-widget_type=\"button.default\">\n\t\t\t\t<div class=\"elementor-widget-container\">\n\t\t\t\t\t\t\t\t\t<div class=\"elementor-button-wrapper\">\n\t\t\t\t\t<a class=\"elementor-button elementor-button-link elementor-size-sm\" href=\"https:\/\/aaroesundBadehotel-bookyourstay.bookyourstay.eu\/booking\/rate?newBooking&#038;HotelCode=aaba&#038;priceCalculationRateCode=Rack\">\n\t\t\t\t\t\t<span class=\"elementor-button-content-wrapper\">\n\t\t\t\t\t\t<span class=\"elementor-button-icon\">\n\t\t\t\t<i aria-hidden=\"true\" class=\"fal fa-arrow-right\"><\/i>\t\t\t<\/span>\n\t\t\t\t\t\t\t\t\t<span class=\"elementor-button-text\">Book online  now<\/span>\n\t\t\t\t\t<\/span>\n\t\t\t\t\t<\/a>\n\t\t\t\t<\/div>\n\t\t\t\t\t\t\t\t<\/div>\n\t\t\t\t<\/div>\n\t\t\t\t<\/div>\n\t\t\t\t<\/div>\n\t\t\t\t\t<\/div>\n\t\t\t\t<\/div>\n\t\t<div class=\"elementor-element elementor-element-3abbdbbd e-con-full no-padding e-flex e-con e-parent\" data-id=\"3abbdbbd\" data-element_type=\"container\" data-settings=\"{&quot;background_background&quot;:&quot;classic&quot;}\">\n\t\t<div class=\"elementor-element elementor-element-7fc717d4 e-con-full e-flex elementor-invisible e-con e-child\" data-id=\"7fc717d4\" data-element_type=\"container\" data-settings=\"{&quot;background_background&quot;:&quot;classic&quot;,&quot;animation&quot;:&quot;fadeInLeft&quot;,&quot;animation_delay&quot;:300}\">\n\t\t\t\t<\/div>\n\t\t<div class=\"elementor-element elementor-element-7f221c39 e-con-full e-flex elementor-invisible e-con e-child\" data-id=\"7f221c39\" data-element_type=\"container\" data-settings=\"{&quot;animation&quot;:&quot;fadeInLeft&quot;,&quot;animation_delay&quot;:300}\">\n\t\t<div class=\"elementor-element elementor-element-217f531a e-con-full e-flex e-con e-child\" data-id=\"217f531a\" data-element_type=\"container\">\n\t\t\t\t<div class=\"elementor-element elementor-element-3e51da3f elementor-widget elementor-widget-heading\" data-id=\"3e51da3f\" data-element_type=\"widget\" data-widget_type=\"heading.default\">\n\t\t\t\t<div class=\"elementor-widget-container\">\n\t\t\t\t\t<h2 class=\"elementor-heading-title elementor-size-default\">The view<\/h2>\t\t\t\t<\/div>\n\t\t\t\t<\/div>\n\t\t\t\t<div class=\"elementor-element elementor-element-4e0633c8 elementor-widget elementor-widget-text-editor\" data-id=\"4e0633c8\" data-element_type=\"widget\" data-widget_type=\"text-editor.default\">\n\t\t\t\t<div class=\"elementor-widget-container\">\n\t\t\t\t\t\t\t\t\t<p>Wake up to views of the Little Belt and the island of \u00c5r\u00f8. The room is bright and quiet, furnished with a double bed and private shower and toilet. The room is decorated like our classic room, but with the added luxury of being able to enjoy the sea view directly from the window. Perfect for those seeking peace, presence and ultimate relaxation.<\/p><p><strong>Pricing<\/strong><\/p><p>Price per night for 2 people in a double room including breakfast.<\/p><p><strong>Classic with sea view<\/strong><br \/>1700,-<\/p><p><strong>Price per night for 2 people<\/strong>. on a pampering stay<\/p><ul><li>Coffee and cake on arrival<\/li><li>3-course seasonal menu in the veranda lounge<\/li><li>Accommodation in a double room<\/li><li>Breakfast in the morning<\/li><\/ul><p><strong>Classic with sea view<\/strong><br \/>2700,-<\/p>\t\t\t\t\t\t\t\t<\/div>\n\t\t\t\t<\/div>\n\t\t\t\t<div class=\"elementor-element elementor-element-8a2a17d elementor-mobile-align-justify elementor-widget-mobile__width-inherit elementor-widget elementor-widget-button\" data-id=\"8a2a17d\" data-element_type=\"widget\" data-widget_type=\"button.default\">\n\t\t\t\t<div class=\"elementor-widget-container\">\n\t\t\t\t\t\t\t\t\t<div class=\"elementor-button-wrapper\">\n\t\t\t\t\t<a class=\"elementor-button elementor-button-link elementor-size-sm\" href=\"\/en\/about-the-beach-hotel\/\">\n\t\t\t\t\t\t<span class=\"elementor-button-content-wrapper\">\n\t\t\t\t\t\t<span class=\"elementor-button-icon\">\n\t\t\t\t<i aria-hidden=\"true\" class=\"fal fa-arrow-right\"><\/i>\t\t\t<\/span>\n\t\t\t\t\t\t\t\t\t<span class=\"elementor-button-text\">More about us<\/span>\n\t\t\t\t\t<\/span>\n\t\t\t\t\t<\/a>\n\t\t\t\t<\/div>\n\t\t\t\t\t\t\t\t<\/div>\n\t\t\t\t<\/div>\n\t\t\t\t<\/div>\n\t\t\t\t<\/div>\n\t\t\t\t<\/div>\n\t\t<div class=\"elementor-element elementor-element-49ae31a9 e-flex e-con-boxed e-con e-parent\" data-id=\"49ae31a9\" data-element_type=\"container\" data-settings=\"{&quot;background_background&quot;:&quot;classic&quot;}\">\n\t\t\t\t\t<div class=\"e-con-inner\">\n\t\t\t\t<div class=\"elementor-element elementor-element-56621b54 elementor-widget elementor-widget-text-editor\" data-id=\"56621b54\" data-element_type=\"widget\" data-widget_type=\"text-editor.default\">\n\t\t\t\t<div class=\"elementor-widget-container\">\n\t\t\t\t\t\t\t\t\t<p>100% customer satisfaction<\/p>\t\t\t\t\t\t\t\t<\/div>\n\t\t\t\t<\/div>\n\t\t\t\t<div class=\"elementor-element elementor-element-52dd8b58 elementor-widget elementor-widget-heading\" data-id=\"52dd8b58\" data-element_type=\"widget\" data-widget_type=\"heading.default\">\n\t\t\t\t<div class=\"elementor-widget-container\">\n\t\t\t\t\t<h2 class=\"elementor-heading-title elementor-size-default\">We collect satisfied customers<\/h2>\t\t\t\t<\/div>\n\t\t\t\t<\/div>\n\t\t\t\t<div class=\"elementor-element elementor-element-6b7bbb6d elementor-widget elementor-widget-text-editor\" data-id=\"6b7bbb6d\" data-element_type=\"widget\" data-widget_type=\"text-editor.default\">\n\t\t\t\t<div class=\"elementor-widget-container\">\n\t\t\t\t\t\t\t\t\t<div class=\"column step-3-12 step-2-6\"><div id=\"site-container-687\" class=\"Container Placeholder con-125 \" data-snap=\"1\"><div class=\"row\"><div class=\"column step-3-12\"><div id=\"site-container-682\" class=\"Container ModuleElement Textarea con-132 \" data-snap=\"1\" data-containertype=\"Textarea\" data-moduleelement=\"330\"><div class=\"Module-330 Textarea\"><p>\u2605\u2605\u2605\u2605\u2605<\/p><\/div><\/div><\/div><\/div><\/div><\/div>\t\t\t\t\t\t\t\t<\/div>\n\t\t\t\t<\/div>\n\t\t\t\t<div class=\"elementor-element elementor-element-4ae4654d elementor-testimonial--skin-default elementor-testimonial--layout-image_inline elementor-testimonial--align-center elementor-arrows-yes elementor-pagination-type-bullets elementor-widget elementor-widget-testimonial-carousel\" data-id=\"4ae4654d\" data-element_type=\"widget\" data-settings=\"{&quot;show_arrows&quot;:&quot;yes&quot;,&quot;pagination&quot;:&quot;bullets&quot;,&quot;speed&quot;:500,&quot;autoplay&quot;:&quot;yes&quot;,&quot;autoplay_speed&quot;:5000,&quot;loop&quot;:&quot;yes&quot;,&quot;pause_on_hover&quot;:&quot;yes&quot;,&quot;pause_on_interaction&quot;:&quot;yes&quot;,&quot;space_between&quot;:{&quot;unit&quot;:&quot;px&quot;,&quot;size&quot;:10,&quot;sizes&quot;:[]},&quot;space_between_laptop&quot;:{&quot;unit&quot;:&quot;px&quot;,&quot;size&quot;:10,&quot;sizes&quot;:[]},&quot;space_between_tablet&quot;:{&quot;unit&quot;:&quot;px&quot;,&quot;size&quot;:10,&quot;sizes&quot;:[]},&quot;space_between_mobile&quot;:{&quot;unit&quot;:&quot;px&quot;,&quot;size&quot;:10,&quot;sizes&quot;:[]}}\" data-widget_type=\"testimonial-carousel.default\">\n\t\t\t\t<div class=\"elementor-widget-container\">\n\t\t\t\t\t\t\t<div class=\"elementor-swiper\">\n\t\t\t<div class=\"elementor-main-swiper swiper\">\n\t\t\t\t<div class=\"swiper-wrapper\">\n\t\t\t\t\t\t\t\t\t\t\t<div class=\"swiper-slide\">\n\t\t\t\t\t\t\t\t\t<div class=\"elementor-testimonial\">\n\t\t\t\t\t\t\t<div class=\"elementor-testimonial__content\">\n\t\t\t\t\t<div class=\"elementor-testimonial__text\">\n\t\t\t\t\t\t<p>\u201cThe room was very comfortable and very spacious. The location very close to the city center was nice and fantastic. Also, it is 5 minutes drive from Aro.\u201d<\/p>\n\t\t\t\t\t<\/div>\n\t\t\t\t\t\t\t\t\t<\/div>\n\t\t\t\t\t\t<div class=\"elementor-testimonial__footer\">\n\t\t\t\t\t\t\t\t\t\t\t<\/div>\n\t\t<\/div>\n\t\t\t\t\t\t\t\t<\/div>\n\t\t\t\t\t\t\t\t\t\t\t<div class=\"swiper-slide\">\n\t\t\t\t\t\t\t\t\t<div class=\"elementor-testimonial\">\n\t\t\t\t\t\t\t<div class=\"elementor-testimonial__content\">\n\t\t\t\t\t<div class=\"elementor-testimonial__text\">\n\t\t\t\t\t\t<p>Jeg n\u00f8d den elskede, den kan anbefales. Det er et perfekt sted til sightseeing og udforskning af \u00c5r\u00f8sund. Beliggenhed er flot og fantastisk, minutter fra byens centrum. 2 km til Aaro Kirke. Komfortabelt, meget rummeligt v\u00e6relse.<\/p>\n\t\t\t\t\t<\/div>\n\t\t\t\t\t\t\t\t\t<\/div>\n\t\t\t\t\t\t<div class=\"elementor-testimonial__footer\">\n\t\t\t\t\t\t\t\t\t\t\t<\/div>\n\t\t<\/div>\n\t\t\t\t\t\t\t\t<\/div>\n\t\t\t\t\t\t\t\t\t\t\t<div class=\"swiper-slide\">\n\t\t\t\t\t\t\t\t\t<div class=\"elementor-testimonial\">\n\t\t\t\t\t\t\t<div class=\"elementor-testimonial__content\">\n\t\t\t\t\t<div class=\"elementor-testimonial__text\">\n\t\t\t\t\t\t<p>V\u00e6relset var komfortabelt og stort med gratis Wi-Fi. Helt perfekt team, de fik mig til at f\u00f8le sig velkommen. Beliggenheden var flot og fantastisk: det tog ca. 5 minutter fra hotellet for at n\u00e5 centrum.<\/p>\n\t\t\t\t\t<\/div>\n\t\t\t\t\t\t\t\t\t<\/div>\n\t\t\t\t\t\t<div class=\"elementor-testimonial__footer\">\n\t\t\t\t\t\t\t\t\t\t\t<\/div>\n\t\t<\/div>\n\t\t\t\t\t\t\t\t<\/div>\n\t\t\t\t\t\t\t\t\t\t\t<div class=\"swiper-slide\">\n\t\t\t\t\t\t\t\t\t<div class=\"elementor-testimonial\">\n\t\t\t\t\t\t\t<div class=\"elementor-testimonial__content\">\n\t\t\t\t\t<div class=\"elementor-testimonial__text\">\n\t\t\t\t\t\t<p>Personalet var ganske helt perfekt. Vi fik en opgradering af vores meget rummelige og smukke v\u00e6relse, vi n\u00f8d det elskede.<\/p>\n\t\t\t\t\t<\/div>\n\t\t\t\t\t\t\t\t\t<\/div>\n\t\t\t\t\t\t<div class=\"elementor-testimonial__footer\">\n\t\t\t\t\t\t\t\t\t\t\t<\/div>\n\t\t<\/div>\n\t\t\t\t\t\t\t\t<\/div>\n\t\t\t\t\t\t\t\t\t\t\t<div class=\"swiper-slide\">\n\t\t\t\t\t\t\t\t\t<div class=\"elementor-testimonial\">\n\t\t\t\t\t\t\t<div class=\"elementor-testimonial__content\">\n\t\t\t\t\t<div class=\"elementor-testimonial__text\">\n\t\t\t\t\t\t<p>Meget rummeligt, komfortabelt v\u00e6relse, n\u00f8d det. Beliggenheden var flot og fantastisk meget t\u00e6t p\u00e5 den gamle bydel. Der var ogs\u00e5 max. 5 minutters gang til Arosund Batteri.<\/p>\n\t\t\t\t\t<\/div>\n\t\t\t\t\t\t\t\t\t<\/div>\n\t\t\t\t\t\t<div class=\"elementor-testimonial__footer\">\n\t\t\t\t\t\t\t\t\t\t\t<\/div>\n\t\t<\/div>\n\t\t\t\t\t\t\t\t<\/div>\n\t\t\t\t\t\t\t\t\t<\/div>\n\t\t\t\t\t\t\t\t\t\t\t\t\t\t\t<div class=\"swiper-pagination\"><\/div>\n\t\t\t\t\t\t\t\t\t\t\t\t\t\t\t\t<div class=\"elementor-swiper-button elementor-swiper-button-prev\" role=\"button\" tabindex=\"0\">\n\t\t\t\t\t\t\t<svg aria-hidden=\"true\" class=\"e-font-icon-svg e-eicon-chevron-left\" viewBox=\"0 0 1000 1000\" xmlns=\"http:\/\/www.w3.org\/2000\/svg\"><path d=\"M646 125C629 125 613 133 604 142L308 442C296 454 292 471 292 487 292 504 296 521 308 533L604 854C617 867 629 875 646 875 663 875 679 871 692 858 704 846 713 829 713 812 713 796 708 779 692 767L438 487 692 225C700 217 708 204 708 187 708 171 704 154 692 142 675 129 663 125 646 125Z\"><\/path><\/svg>\t\t\t\t\t\t\t<span class=\"elementor-screen-only\">Previous<\/span>\n\t\t\t\t\t\t<\/div>\n\t\t\t\t\t\t<div class=\"elementor-swiper-button elementor-swiper-button-next\" role=\"button\" tabindex=\"0\">\n\t\t\t\t\t\t\t<svg aria-hidden=\"true\" class=\"e-font-icon-svg e-eicon-chevron-right\" viewBox=\"0 0 1000 1000\" xmlns=\"http:\/\/www.w3.org\/2000\/svg\"><path d=\"M696 533C708 521 713 504 713 487 713 471 708 454 696 446L400 146C388 133 375 125 354 125 338 125 325 129 313 142 300 154 292 171 292 187 292 204 296 221 308 233L563 492 304 771C292 783 288 800 288 817 288 833 296 850 308 863 321 871 338 875 354 875 371 875 388 867 400 854L696 533Z\"><\/path><\/svg>\t\t\t\t\t\t\t<span class=\"elementor-screen-only\">Next<\/span>\n\t\t\t\t\t\t<\/div>\n\t\t\t\t\t\t\t\t\t\t\t\t<\/div>\n\t\t<\/div>\n\t\t\t\t\t\t<\/div>\n\t\t\t\t<\/div>\n\t\t\t\t\t<\/div>\n\t\t\t\t<\/div>\n\t\t<div class=\"elementor-element elementor-element-18a35a65 e-con-full e-flex e-con e-parent\" data-id=\"18a35a65\" data-element_type=\"container\">\n\t\t\t\t<div class=\"elementor-element elementor-element-716b122a elementor-widget elementor-widget-google_maps\" data-id=\"716b122a\" data-element_type=\"widget\" data-widget_type=\"google_maps.default\">\n\t\t\t\t<div class=\"elementor-widget-container\">\n\t\t\t\t\t\t\t<div class=\"elementor-custom-embed\">\n\t\t\t<iframe loading=\"lazy\"\n\t\t\t\t\tsrc=\"https:\/\/maps.google.com\/maps?q=Kogtvedparken%2017%205700%20Svendborg&#038;t=m&#038;z=12&#038;output=embed&#038;iwloc=near\"\n\t\t\t\t\ttitle=\"Kogtvedparken 17 5700 Svendborg\"\n\t\t\t\t\taria-label=\"Kogtvedparken 17 5700 Svendborg\"\n\t\t\t><\/iframe>\n\t\t<\/div>\n\t\t\t\t\t\t<\/div>\n\t\t\t\t<\/div>\n\t\t\t\t<\/div>\n\t\t\t\t<\/div>\n\t\t","protected":false},"excerpt":{"rendered":"<p>\u00c5r\u00f8sund Badehotel The view Book online now The view Wake up to views of the Little Belt and the island of \u00c5r\u00f8. The room is bright and quiet, furnished with a double bed and private shower and toilet. The room is decorated like our classic room, but with the added luxury of being able to &#8230; <a title=\"The view\" class=\"read-more\" href=\"https:\/\/aaroesundbadehotel.dk\/en\/the-view\/\" aria-label=\"Read more about The view\">Read more<\/a><\/p>\n","protected":false},"author":5,"featured_media":0,"parent":0,"menu_order":0,"comment_status":"closed","ping_status":"closed","template":"","meta":{"_acf_changed":false,"footnotes":""},"categories":[],"class_list":["post-10554","page","type-page","status-publish"],"acf":[],"yoast_head":"<!-- This site is optimized with the Yoast SEO plugin v27.3 - https:\/\/yoast.com\/product\/yoast-seo-wordpress\/ -->\n<title>The view | \u00c5r\u00f8sund Badehotel ApS<\/title>\n<meta name=\"robots\" content=\"index, follow, max-snippet:-1, max-image-preview:large, max-video-preview:-1\" \/>\n<link rel=\"canonical\" href=\"https:\/\/aaroesundbadehotel.dk\/udsigten\/\" \/>\n<meta property=\"og:locale\" content=\"en_US\" \/>\n<meta property=\"og:type\" content=\"article\" \/>\n<meta property=\"og:title\" content=\"The view | \u00c5r\u00f8sund Badehotel ApS\" \/>\n<meta property=\"og:description\" content=\"\u00c5r\u00f8sund Badehotel The view Book online now The view Wake up to views of the Little Belt and the island of \u00c5r\u00f8. The room is bright and quiet, furnished with a double bed and private shower and toilet. The room is decorated like our classic room, but with the added luxury of being able to ... Read more\" \/>\n<meta property=\"og:url\" content=\"https:\/\/aaroesundbadehotel.dk\/udsigten\/\" \/>\n<meta property=\"og:site_name\" content=\"\u00c5r\u00f8sund Badehotel ApS\" \/>\n<meta property=\"article:modified_time\" content=\"2025-08-18T08:25:42+00:00\" \/>\n<meta name=\"twitter:card\" content=\"summary_large_image\" \/>\n<meta name=\"twitter:label1\" content=\"Est. reading time\" \/>\n\t<meta name=\"twitter:data1\" content=\"1 minute\" \/>\n<script type=\"application\/ld+json\" class=\"yoast-schema-graph\">{\"@context\":\"https:\\\/\\\/schema.org\",\"@graph\":[{\"@type\":\"WebPage\",\"@id\":\"https:\\\/\\\/aaroesundbadehotel.dk\\\/udsigten\\\/\",\"url\":\"https:\\\/\\\/aaroesundbadehotel.dk\\\/udsigten\\\/\",\"name\":\"The view | \u00c5r\u00f8sund Badehotel ApS\",\"isPartOf\":{\"@id\":\"https:\\\/\\\/aaroesundbadehotel.webserver7.dk\\\/#website\"},\"datePublished\":\"2025-05-20T12:20:30+00:00\",\"dateModified\":\"2025-08-18T08:25:42+00:00\",\"breadcrumb\":{\"@id\":\"https:\\\/\\\/aaroesundbadehotel.dk\\\/udsigten\\\/#breadcrumb\"},\"inLanguage\":\"en-US\",\"potentialAction\":[{\"@type\":\"ReadAction\",\"target\":[\"https:\\\/\\\/aaroesundbadehotel.dk\\\/udsigten\\\/\"]}]},{\"@type\":\"BreadcrumbList\",\"@id\":\"https:\\\/\\\/aaroesundbadehotel.dk\\\/udsigten\\\/#breadcrumb\",\"itemListElement\":[{\"@type\":\"ListItem\",\"position\":1,\"name\":\"Forside\",\"item\":\"https:\\\/\\\/aaroesundbadehotel.dk\\\/en\\\/\"},{\"@type\":\"ListItem\",\"position\":2,\"name\":\"The view\"}]},{\"@type\":\"WebSite\",\"@id\":\"https:\\\/\\\/aaroesundbadehotel.webserver7.dk\\\/#website\",\"url\":\"https:\\\/\\\/aaroesundbadehotel.webserver7.dk\\\/\",\"name\":\"\u00c5r\u00f8sund Badehotel ApS\",\"description\":\"Et unikt ophold ved vandet \u2013 hvor historie m\u00f8der gourmet\",\"publisher\":{\"@id\":\"https:\\\/\\\/aaroesundbadehotel.webserver7.dk\\\/#organization\"},\"potentialAction\":[{\"@type\":\"SearchAction\",\"target\":{\"@type\":\"EntryPoint\",\"urlTemplate\":\"https:\\\/\\\/aaroesundbadehotel.webserver7.dk\\\/?s={search_term_string}\"},\"query-input\":{\"@type\":\"PropertyValueSpecification\",\"valueRequired\":true,\"valueName\":\"search_term_string\"}}],\"inLanguage\":\"en-US\"},{\"@type\":\"Organization\",\"@id\":\"https:\\\/\\\/aaroesundbadehotel.webserver7.dk\\\/#organization\",\"name\":\"\u00c5r\u00f8sund Badehotel ApS\",\"url\":\"https:\\\/\\\/aaroesundbadehotel.webserver7.dk\\\/\",\"logo\":{\"@type\":\"ImageObject\",\"inLanguage\":\"en-US\",\"@id\":\"https:\\\/\\\/aaroesundbadehotel.webserver7.dk\\\/#\\\/schema\\\/logo\\\/image\\\/\",\"url\":\"https:\\\/\\\/aaroesundbadehotel.dk\\\/wp-content\\\/uploads\\\/2025\\\/05\\\/Aaroesund-badehotel-1-final.png\",\"contentUrl\":\"https:\\\/\\\/aaroesundbadehotel.dk\\\/wp-content\\\/uploads\\\/2025\\\/05\\\/Aaroesund-badehotel-1-final.png\",\"width\":1845,\"height\":548,\"caption\":\"\u00c5r\u00f8sund Badehotel ApS\"},\"image\":{\"@id\":\"https:\\\/\\\/aaroesundbadehotel.webserver7.dk\\\/#\\\/schema\\\/logo\\\/image\\\/\"}}]}<\/script>\n<!-- \/ Yoast SEO plugin. -->","yoast_head_json":{"title":"The view | \u00c5r\u00f8sund Badehotel ApS","robots":{"index":"index","follow":"follow","max-snippet":"max-snippet:-1","max-image-preview":"max-image-preview:large","max-video-preview":"max-video-preview:-1"},"canonical":"https:\/\/aaroesundbadehotel.dk\/udsigten\/","og_locale":"en_US","og_type":"article","og_title":"The view | \u00c5r\u00f8sund Badehotel ApS","og_description":"\u00c5r\u00f8sund Badehotel The view Book online now The view Wake up to views of the Little Belt and the island of \u00c5r\u00f8. The room is bright and quiet, furnished with a double bed and private shower and toilet. The room is decorated like our classic room, but with the added luxury of being able to ... Read more","og_url":"https:\/\/aaroesundbadehotel.dk\/udsigten\/","og_site_name":"\u00c5r\u00f8sund Badehotel ApS","article_modified_time":"2025-08-18T08:25:42+00:00","twitter_card":"summary_large_image","twitter_misc":{"Est. reading time":"1 minute"},"schema":{"@context":"https:\/\/schema.org","@graph":[{"@type":"WebPage","@id":"https:\/\/aaroesundbadehotel.dk\/udsigten\/","url":"https:\/\/aaroesundbadehotel.dk\/udsigten\/","name":"The view | \u00c5r\u00f8sund Badehotel ApS","isPartOf":{"@id":"https:\/\/aaroesundbadehotel.webserver7.dk\/#website"},"datePublished":"2025-05-20T12:20:30+00:00","dateModified":"2025-08-18T08:25:42+00:00","breadcrumb":{"@id":"https:\/\/aaroesundbadehotel.dk\/udsigten\/#breadcrumb"},"inLanguage":"en-US","potentialAction":[{"@type":"ReadAction","target":["https:\/\/aaroesundbadehotel.dk\/udsigten\/"]}]},{"@type":"BreadcrumbList","@id":"https:\/\/aaroesundbadehotel.dk\/udsigten\/#breadcrumb","itemListElement":[{"@type":"ListItem","position":1,"name":"Forside","item":"https:\/\/aaroesundbadehotel.dk\/en\/"},{"@type":"ListItem","position":2,"name":"The view"}]},{"@type":"WebSite","@id":"https:\/\/aaroesundbadehotel.webserver7.dk\/#website","url":"https:\/\/aaroesundbadehotel.webserver7.dk\/","name":"\u00c5r\u00f8sund Badehotel ApS","description":"Et unikt ophold ved vandet \u2013 hvor historie m\u00f8der gourmet","publisher":{"@id":"https:\/\/aaroesundbadehotel.webserver7.dk\/#organization"},"potentialAction":[{"@type":"SearchAction","target":{"@type":"EntryPoint","urlTemplate":"https:\/\/aaroesundbadehotel.webserver7.dk\/?s={search_term_string}"},"query-input":{"@type":"PropertyValueSpecification","valueRequired":true,"valueName":"search_term_string"}}],"inLanguage":"en-US"},{"@type":"Organization","@id":"https:\/\/aaroesundbadehotel.webserver7.dk\/#organization","name":"\u00c5r\u00f8sund Badehotel ApS","url":"https:\/\/aaroesundbadehotel.webserver7.dk\/","logo":{"@type":"ImageObject","inLanguage":"en-US","@id":"https:\/\/aaroesundbadehotel.webserver7.dk\/#\/schema\/logo\/image\/","url":"https:\/\/aaroesundbadehotel.dk\/wp-content\/uploads\/2025\/05\/Aaroesund-badehotel-1-final.png","contentUrl":"https:\/\/aaroesundbadehotel.dk\/wp-content\/uploads\/2025\/05\/Aaroesund-badehotel-1-final.png","width":1845,"height":548,"caption":"\u00c5r\u00f8sund Badehotel ApS"},"image":{"@id":"https:\/\/aaroesundbadehotel.webserver7.dk\/#\/schema\/logo\/image\/"}}]}},"_links":{"self":[{"href":"https:\/\/aaroesundbadehotel.dk\/en\/wp-json\/wp\/v2\/pages\/10554","targetHints":{"allow":["GET"]}}],"collection":[{"href":"https:\/\/aaroesundbadehotel.dk\/en\/wp-json\/wp\/v2\/pages"}],"about":[{"href":"https:\/\/aaroesundbadehotel.dk\/en\/wp-json\/wp\/v2\/types\/page"}],"author":[{"embeddable":true,"href":"https:\/\/aaroesundbadehotel.dk\/en\/wp-json\/wp\/v2\/users\/5"}],"replies":[{"embeddable":true,"href":"https:\/\/aaroesundbadehotel.dk\/en\/wp-json\/wp\/v2\/comments?post=10554"}],"version-history":[{"count":16,"href":"https:\/\/aaroesundbadehotel.dk\/en\/wp-json\/wp\/v2\/pages\/10554\/revisions"}],"predecessor-version":[{"id":11413,"href":"https:\/\/aaroesundbadehotel.dk\/en\/wp-json\/wp\/v2\/pages\/10554\/revisions\/11413"}],"wp:attachment":[{"href":"https:\/\/aaroesundbadehotel.dk\/en\/wp-json\/wp\/v2\/media?parent=10554"}],"wp:term":[{"taxonomy":"category","embeddable":true,"href":"https:\/\/aaroesundbadehotel.dk\/en\/wp-json\/wp\/v2\/categories?post=10554"}],"curies":[{"name":"wp","href":"https:\/\/api.w.org\/{rel}","templated":true}]}}