{"id":10534,"date":"2025-05-06T08:04:20","date_gmt":"2025-05-06T06:04:20","guid":{"rendered":"https:\/\/aaroesundbadehotel.dk\/conference\/"},"modified":"2025-06-05T13:17:46","modified_gmt":"2025-06-05T11:17:46","slug":"conference","status":"publish","type":"page","link":"https:\/\/aaroesundbadehotel.dk\/en\/conference\/","title":{"rendered":"Conference"},"content":{"rendered":"\t\t<div data-elementor-type=\"wp-page\" data-elementor-id=\"10534\" class=\"elementor elementor-10534 elementor-9834\" data-elementor-post-type=\"page\">\n\t\t\t\t<div class=\"elementor-element elementor-element-5eba6d7 e-flex e-con-boxed e-con e-parent\" data-id=\"5eba6d7\" data-element_type=\"container\" data-settings=\"{&quot;background_background&quot;:&quot;classic&quot;}\">\n\t\t\t\t\t<div class=\"e-con-inner\">\n\t\t<div class=\"elementor-element elementor-element-096e0f6 e-con-full no-padding e-flex elementor-invisible e-con e-child\" data-id=\"096e0f6\" data-element_type=\"container\" data-settings=\"{&quot;animation&quot;:&quot;fadeIn&quot;}\">\n\t\t\t\t<div class=\"elementor-element elementor-element-feb6ef5 elementor-widget-laptop__width-initial elementor-widget elementor-widget-text-editor\" data-id=\"feb6ef5\" data-element_type=\"widget\" data-widget_type=\"text-editor.default\">\n\t\t\t\t<div class=\"elementor-widget-container\">\n\t\t\t\t\t\t\t\t\t<p>\u00c5r\u00f8sund Badehotel<\/p>\t\t\t\t\t\t\t\t<\/div>\n\t\t\t\t<\/div>\n\t\t\t\t<div class=\"elementor-element elementor-element-8b0166f elementor-widget__width-initial elementor-widget elementor-widget-heading\" data-id=\"8b0166f\" data-element_type=\"widget\" data-widget_type=\"heading.default\">\n\t\t\t\t<div class=\"elementor-widget-container\">\n\t\t\t\t\t<h1 class=\"elementor-heading-title elementor-size-default\">Conference<\/h1>\t\t\t\t<\/div>\n\t\t\t\t<\/div>\n\t\t<div class=\"elementor-element elementor-element-264dd0a e-con-full no-padding e-flex e-con e-child\" data-id=\"264dd0a\" data-element_type=\"container\">\n\t\t\t\t<div class=\"elementor-element elementor-element-54c38c5 elementor-mobile-align-justify elementor-widget-mobile__width-inherit cta elementor-widget elementor-widget-button\" data-id=\"54c38c5\" data-element_type=\"widget\" data-widget_type=\"button.default\">\n\t\t\t\t<div class=\"elementor-widget-container\">\n\t\t\t\t\t\t\t\t\t<div class=\"elementor-button-wrapper\">\n\t\t\t\t\t<a class=\"elementor-button elementor-button-link elementor-size-sm\" href=\"\/en\/contact-us\/\">\n\t\t\t\t\t\t<span class=\"elementor-button-content-wrapper\">\n\t\t\t\t\t\t<span class=\"elementor-button-icon\">\n\t\t\t\t<i aria-hidden=\"true\" class=\"fal fa-arrow-right\"><\/i>\t\t\t<\/span>\n\t\t\t\t\t\t\t\t\t<span class=\"elementor-button-text\">Contact us<\/span>\n\t\t\t\t\t<\/span>\n\t\t\t\t\t<\/a>\n\t\t\t\t<\/div>\n\t\t\t\t\t\t\t\t<\/div>\n\t\t\t\t<\/div>\n\t\t\t\t<\/div>\n\t\t\t\t<\/div>\n\t\t\t\t\t<\/div>\n\t\t\t\t<\/div>\n\t\t<div class=\"elementor-element elementor-element-4f06c0d e-flex e-con-boxed e-con e-parent\" data-id=\"4f06c0d\" data-element_type=\"container\">\n\t\t\t\t\t<div class=\"e-con-inner\">\n\t\t\t\t<div class=\"elementor-element elementor-element-e618395 elementor-widget elementor-widget-text-editor\" data-id=\"e618395\" data-element_type=\"widget\" data-widget_type=\"text-editor.default\">\n\t\t\t\t<div class=\"elementor-widget-container\">\n\t\t\t\t\t\t\t\t\t<p>Content on the way&#8230;<\/p>\t\t\t\t\t\t\t\t<\/div>\n\t\t\t\t<\/div>\n\t\t\t\t\t<\/div>\n\t\t\t\t<\/div>\n\t\t\t\t<\/div>\n\t\t","protected":false},"excerpt":{"rendered":"<p>\u00c5r\u00f8sund Badehotel Conference Contact us Content on the way&#8230;<\/p>\n","protected":false},"author":5,"featured_media":0,"parent":0,"menu_order":1006,"comment_status":"closed","ping_status":"closed","template":"","meta":{"_acf_changed":false,"footnotes":""},"categories":[],"class_list":["post-10534","page","type-page","status-publish"],"acf":[],"yoast_head":"<!-- This site is optimized with the Yoast SEO plugin v27.4 - https:\/\/yoast.com\/product\/yoast-seo-wordpress\/ -->\n<title>Conference | \u00c5r\u00f8sund Badehotel ApS<\/title>\n<meta name=\"robots\" content=\"index, follow, max-snippet:-1, max-image-preview:large, max-video-preview:-1\" \/>\n<link rel=\"canonical\" href=\"https:\/\/aaroesundbadehotel.dk\/konference\/\" \/>\n<meta property=\"og:locale\" content=\"en_US\" \/>\n<meta property=\"og:type\" content=\"article\" \/>\n<meta property=\"og:title\" content=\"Conference | \u00c5r\u00f8sund Badehotel ApS\" \/>\n<meta property=\"og:description\" content=\"\u00c5r\u00f8sund Badehotel Conference Contact us Content on the way&#8230;\" \/>\n<meta property=\"og:url\" content=\"https:\/\/aaroesundbadehotel.dk\/konference\/\" \/>\n<meta property=\"og:site_name\" content=\"\u00c5r\u00f8sund Badehotel ApS\" \/>\n<meta property=\"article:modified_time\" content=\"2025-06-05T11:17:46+00:00\" \/>\n<meta name=\"twitter:card\" content=\"summary_large_image\" \/>\n<script type=\"application\/ld+json\" class=\"yoast-schema-graph\">{\"@context\":\"https:\\\/\\\/schema.org\",\"@graph\":[{\"@type\":\"WebPage\",\"@id\":\"https:\\\/\\\/aaroesundbadehotel.dk\\\/konference\\\/\",\"url\":\"https:\\\/\\\/aaroesundbadehotel.dk\\\/konference\\\/\",\"name\":\"Conference | \u00c5r\u00f8sund Badehotel ApS\",\"isPartOf\":{\"@id\":\"https:\\\/\\\/aaroesundbadehotel.webserver7.dk\\\/#website\"},\"datePublished\":\"2025-05-06T06:04:20+00:00\",\"dateModified\":\"2025-06-05T11:17:46+00:00\",\"breadcrumb\":{\"@id\":\"https:\\\/\\\/aaroesundbadehotel.dk\\\/konference\\\/#breadcrumb\"},\"inLanguage\":\"en-US\",\"potentialAction\":[{\"@type\":\"ReadAction\",\"target\":[\"https:\\\/\\\/aaroesundbadehotel.dk\\\/konference\\\/\"]}]},{\"@type\":\"BreadcrumbList\",\"@id\":\"https:\\\/\\\/aaroesundbadehotel.dk\\\/konference\\\/#breadcrumb\",\"itemListElement\":[{\"@type\":\"ListItem\",\"position\":1,\"name\":\"Forside\",\"item\":\"https:\\\/\\\/aaroesundbadehotel.dk\\\/en\\\/\"},{\"@type\":\"ListItem\",\"position\":2,\"name\":\"Conference\"}]},{\"@type\":\"WebSite\",\"@id\":\"https:\\\/\\\/aaroesundbadehotel.webserver7.dk\\\/#website\",\"url\":\"https:\\\/\\\/aaroesundbadehotel.webserver7.dk\\\/\",\"name\":\"\u00c5r\u00f8sund Badehotel ApS\",\"description\":\"Et unikt ophold ved vandet \u2013 hvor historie m\u00f8der gourmet\",\"publisher\":{\"@id\":\"https:\\\/\\\/aaroesundbadehotel.webserver7.dk\\\/#organization\"},\"potentialAction\":[{\"@type\":\"SearchAction\",\"target\":{\"@type\":\"EntryPoint\",\"urlTemplate\":\"https:\\\/\\\/aaroesundbadehotel.webserver7.dk\\\/?s={search_term_string}\"},\"query-input\":{\"@type\":\"PropertyValueSpecification\",\"valueRequired\":true,\"valueName\":\"search_term_string\"}}],\"inLanguage\":\"en-US\"},{\"@type\":\"Organization\",\"@id\":\"https:\\\/\\\/aaroesundbadehotel.webserver7.dk\\\/#organization\",\"name\":\"\u00c5r\u00f8sund Badehotel ApS\",\"url\":\"https:\\\/\\\/aaroesundbadehotel.webserver7.dk\\\/\",\"logo\":{\"@type\":\"ImageObject\",\"inLanguage\":\"en-US\",\"@id\":\"https:\\\/\\\/aaroesundbadehotel.webserver7.dk\\\/#\\\/schema\\\/logo\\\/image\\\/\",\"url\":\"https:\\\/\\\/aaroesundbadehotel.dk\\\/wp-content\\\/uploads\\\/2025\\\/05\\\/Aaroesund-badehotel-1-final.png\",\"contentUrl\":\"https:\\\/\\\/aaroesundbadehotel.dk\\\/wp-content\\\/uploads\\\/2025\\\/05\\\/Aaroesund-badehotel-1-final.png\",\"width\":1845,\"height\":548,\"caption\":\"\u00c5r\u00f8sund Badehotel ApS\"},\"image\":{\"@id\":\"https:\\\/\\\/aaroesundbadehotel.webserver7.dk\\\/#\\\/schema\\\/logo\\\/image\\\/\"}}]}<\/script>\n<!-- \/ Yoast SEO plugin. -->","yoast_head_json":{"title":"Conference | \u00c5r\u00f8sund Badehotel ApS","robots":{"index":"index","follow":"follow","max-snippet":"max-snippet:-1","max-image-preview":"max-image-preview:large","max-video-preview":"max-video-preview:-1"},"canonical":"https:\/\/aaroesundbadehotel.dk\/konference\/","og_locale":"en_US","og_type":"article","og_title":"Conference | \u00c5r\u00f8sund Badehotel ApS","og_description":"\u00c5r\u00f8sund Badehotel Conference Contact us Content on the way&#8230;","og_url":"https:\/\/aaroesundbadehotel.dk\/konference\/","og_site_name":"\u00c5r\u00f8sund Badehotel ApS","article_modified_time":"2025-06-05T11:17:46+00:00","twitter_card":"summary_large_image","schema":{"@context":"https:\/\/schema.org","@graph":[{"@type":"WebPage","@id":"https:\/\/aaroesundbadehotel.dk\/konference\/","url":"https:\/\/aaroesundbadehotel.dk\/konference\/","name":"Conference | \u00c5r\u00f8sund Badehotel ApS","isPartOf":{"@id":"https:\/\/aaroesundbadehotel.webserver7.dk\/#website"},"datePublished":"2025-05-06T06:04:20+00:00","dateModified":"2025-06-05T11:17:46+00:00","breadcrumb":{"@id":"https:\/\/aaroesundbadehotel.dk\/konference\/#breadcrumb"},"inLanguage":"en-US","potentialAction":[{"@type":"ReadAction","target":["https:\/\/aaroesundbadehotel.dk\/konference\/"]}]},{"@type":"BreadcrumbList","@id":"https:\/\/aaroesundbadehotel.dk\/konference\/#breadcrumb","itemListElement":[{"@type":"ListItem","position":1,"name":"Forside","item":"https:\/\/aaroesundbadehotel.dk\/en\/"},{"@type":"ListItem","position":2,"name":"Conference"}]},{"@type":"WebSite","@id":"https:\/\/aaroesundbadehotel.webserver7.dk\/#website","url":"https:\/\/aaroesundbadehotel.webserver7.dk\/","name":"\u00c5r\u00f8sund Badehotel ApS","description":"Et unikt ophold ved vandet \u2013 hvor historie m\u00f8der gourmet","publisher":{"@id":"https:\/\/aaroesundbadehotel.webserver7.dk\/#organization"},"potentialAction":[{"@type":"SearchAction","target":{"@type":"EntryPoint","urlTemplate":"https:\/\/aaroesundbadehotel.webserver7.dk\/?s={search_term_string}"},"query-input":{"@type":"PropertyValueSpecification","valueRequired":true,"valueName":"search_term_string"}}],"inLanguage":"en-US"},{"@type":"Organization","@id":"https:\/\/aaroesundbadehotel.webserver7.dk\/#organization","name":"\u00c5r\u00f8sund Badehotel ApS","url":"https:\/\/aaroesundbadehotel.webserver7.dk\/","logo":{"@type":"ImageObject","inLanguage":"en-US","@id":"https:\/\/aaroesundbadehotel.webserver7.dk\/#\/schema\/logo\/image\/","url":"https:\/\/aaroesundbadehotel.dk\/wp-content\/uploads\/2025\/05\/Aaroesund-badehotel-1-final.png","contentUrl":"https:\/\/aaroesundbadehotel.dk\/wp-content\/uploads\/2025\/05\/Aaroesund-badehotel-1-final.png","width":1845,"height":548,"caption":"\u00c5r\u00f8sund Badehotel ApS"},"image":{"@id":"https:\/\/aaroesundbadehotel.webserver7.dk\/#\/schema\/logo\/image\/"}}]}},"_links":{"self":[{"href":"https:\/\/aaroesundbadehotel.dk\/en\/wp-json\/wp\/v2\/pages\/10534","targetHints":{"allow":["GET"]}}],"collection":[{"href":"https:\/\/aaroesundbadehotel.dk\/en\/wp-json\/wp\/v2\/pages"}],"about":[{"href":"https:\/\/aaroesundbadehotel.dk\/en\/wp-json\/wp\/v2\/types\/page"}],"author":[{"embeddable":true,"href":"https:\/\/aaroesundbadehotel.dk\/en\/wp-json\/wp\/v2\/users\/5"}],"replies":[{"embeddable":true,"href":"https:\/\/aaroesundbadehotel.dk\/en\/wp-json\/wp\/v2\/comments?post=10534"}],"version-history":[{"count":4,"href":"https:\/\/aaroesundbadehotel.dk\/en\/wp-json\/wp\/v2\/pages\/10534\/revisions"}],"predecessor-version":[{"id":10724,"href":"https:\/\/aaroesundbadehotel.dk\/en\/wp-json\/wp\/v2\/pages\/10534\/revisions\/10724"}],"wp:attachment":[{"href":"https:\/\/aaroesundbadehotel.dk\/en\/wp-json\/wp\/v2\/media?parent=10534"}],"wp:term":[{"taxonomy":"category","embeddable":true,"href":"https:\/\/aaroesundbadehotel.dk\/en\/wp-json\/wp\/v2\/categories?post=10534"}],"curies":[{"name":"wp","href":"https:\/\/api.w.org\/{rel}","templated":true}]}}